{"id":214,"date":"2023-09-25T19:17:14","date_gmt":"2023-09-25T17:17:14","guid":{"rendered":"https:\/\/gcimininggroup.com\/?page_id=214"},"modified":"2024-11-11T21:37:19","modified_gmt":"2024-11-12T02:37:19","slug":"geoquimica","status":"publish","type":"page","link":"https:\/\/gcimininggroup.com\/index.php\/es\/geoquimica\/","title":{"rendered":"Geoqu\u00edmica"},"content":{"rendered":"\t\t<div data-elementor-type=\"wp-page\" data-elementor-id=\"214\" class=\"elementor elementor-214\" data-elementor-post-type=\"page\">\n\t\t\t\t\t\t<section class=\"elementor-section elementor-top-section elementor-element elementor-element-7688f41 elementor-section-boxed elementor-section-height-default elementor-section-height-default\" data-id=\"7688f41\" data-element_type=\"section\" data-e-type=\"section\" data-settings=\"{&quot;background_background&quot;:&quot;classic&quot;}\">\n\t\t\t\t\t\t\t<div class=\"elementor-background-overlay\"><\/div>\n\t\t\t\t\t\t\t<div class=\"elementor-container elementor-column-gap-default\">\n\t\t\t\t\t<div class=\"elementor-column elementor-col-100 elementor-top-column elementor-element elementor-element-127188b3\" data-id=\"127188b3\" data-element_type=\"column\" data-e-type=\"column\">\n\t\t\t<div class=\"elementor-widget-wrap elementor-element-populated\">\n\t\t\t\t\t\t<section class=\"elementor-section elementor-inner-section elementor-element elementor-element-491f006 elementor-section-boxed elementor-section-height-default elementor-section-height-default\" data-id=\"491f006\" data-element_type=\"section\" data-e-type=\"section\">\n\t\t\t\t\t\t<div class=\"elementor-container elementor-column-gap-no\">\n\t\t\t\t\t<div class=\"elementor-column elementor-col-100 elementor-inner-column elementor-element elementor-element-43c64781\" data-id=\"43c64781\" data-element_type=\"column\" data-e-type=\"column\">\n\t\t\t<div class=\"elementor-widget-wrap elementor-element-populated\">\n\t\t\t\t\t\t<div class=\"elementor-element elementor-element-413f818a elementor-invisible elementor-widget elementor-widget-heading\" data-id=\"413f818a\" data-element_type=\"widget\" data-e-type=\"widget\" data-settings=\"{&quot;_animation&quot;:&quot;fadeInUp&quot;,&quot;_animation_delay&quot;:240}\" data-widget_type=\"heading.default\">\n\t\t\t\t<div class=\"elementor-widget-container\">\n\t\t\t\t\t<h2 class=\"elementor-heading-title elementor-size-default\">Geoqu\u00edmica<\/h2>\t\t\t\t<\/div>\n\t\t\t\t<\/div>\n\t\t\t\t<div class=\"elementor-element elementor-element-4af65fd9 elementor-invisible elementor-widget elementor-widget-text-editor\" data-id=\"4af65fd9\" data-element_type=\"widget\" data-e-type=\"widget\" data-settings=\"{&quot;_animation&quot;:&quot;fadeInUp&quot;,&quot;_animation_delay&quot;:480}\" data-widget_type=\"text-editor.default\">\n\t\t\t\t<div class=\"elementor-widget-container\">\n\t\t\t\t\t\t\t\t\t<p>Recolecci\u00f3n y muestra\u00a0<\/p>\t\t\t\t\t\t\t\t<\/div>\n\t\t\t\t<\/div>\n\t\t\t\t<div class=\"elementor-element elementor-element-56a4ed2c elementor-invisible elementor-widget elementor-widget-button\" data-id=\"56a4ed2c\" data-element_type=\"widget\" data-e-type=\"widget\" data-settings=\"{&quot;_animation&quot;:&quot;fadeIn&quot;,&quot;_animation_delay&quot;:1080}\" data-widget_type=\"button.default\">\n\t\t\t\t<div class=\"elementor-widget-container\">\n\t\t\t\t\t\t\t\t\t<div class=\"elementor-button-wrapper\">\n\t\t\t\t\t<a class=\"elementor-button elementor-button-link elementor-size-sm\" href=\"#\">\n\t\t\t\t\t\t<span class=\"elementor-button-content-wrapper\">\n\t\t\t\t\t\t\t\t\t<span class=\"elementor-button-text\">Conozca mas<\/span>\n\t\t\t\t\t<\/span>\n\t\t\t\t\t<\/a>\n\t\t\t\t<\/div>\n\t\t\t\t\t\t\t\t<\/div>\n\t\t\t\t<\/div>\n\t\t\t\t\t<\/div>\n\t\t<\/div>\n\t\t\t\t\t<\/div>\n\t\t<\/section>\n\t\t\t\t\t<\/div>\n\t\t<\/div>\n\t\t\t\t\t<\/div>\n\t\t<\/section>\n\t\t\t\t<section class=\"elementor-section elementor-top-section elementor-element elementor-element-1834f7f8 elementor-section-boxed elementor-section-height-default elementor-section-height-default\" data-id=\"1834f7f8\" data-element_type=\"section\" data-e-type=\"section\">\n\t\t\t\t\t\t<div class=\"elementor-container elementor-column-gap-default\">\n\t\t\t\t\t<div class=\"elementor-column elementor-col-66 elementor-top-column elementor-element elementor-element-57857b73\" data-id=\"57857b73\" data-element_type=\"column\" data-e-type=\"column\">\n\t\t\t<div class=\"elementor-widget-wrap elementor-element-populated\">\n\t\t\t\t\t\t<div class=\"elementor-element elementor-element-ca935b6 elementor-widget elementor-widget-heading\" data-id=\"ca935b6\" data-element_type=\"widget\" data-e-type=\"widget\" data-widget_type=\"heading.default\">\n\t\t\t\t<div class=\"elementor-widget-container\">\n\t\t\t\t\t<h2 class=\"elementor-heading-title elementor-size-default\">Geoqu\u00edmica  | Recolecci\u00f3n y muestra<\/h2>\t\t\t\t<\/div>\n\t\t\t\t<\/div>\n\t\t\t\t<div class=\"elementor-element elementor-element-d944f4d elementor-widget elementor-widget-text-editor\" data-id=\"d944f4d\" data-element_type=\"widget\" data-e-type=\"widget\" data-widget_type=\"text-editor.default\">\n\t\t\t\t<div class=\"elementor-widget-container\">\n\t\t\t\t\t\t\t\t\t<p>Se recolecto y registro 173 muestras de sedimentos de escorrent\u00eda, de 1er, 2do. y 3er orden, colectadas a lo largo de las quebradas, del \u00e1rea de estudio<\/p><p class=\"justificar\">Se realiz\u00f3 la recolecci\u00f3n y registro de informaci\u00f3n de 271 muestras de roca, para su an\u00e1lisis geoqu\u00edmico. Se realiz\u00f3 2 tipos de muestreo geoqu\u00edmico, el primer muestreo geoqu\u00edmico consisti\u00f3 en la recolecci\u00f3n de 129 muestras de orientaci\u00f3n de afloramientos (rock chips), y el segundo\u00a0 tipo de muestreo geoqu\u00edmico consisti\u00f3 en la recolecci\u00f3n de 142 muestras sistem\u00e1tica en malla (rock chips), que dist\u00f3 100mx25m entre muestra y muestra.<\/p><p class=\"justificar\">Se realiz\u00f3 la colecci\u00f3n de 14 muestras de rocas no alteradas y representativas de cada unidad litol\u00f3gica de la zona de estudio y se procedi\u00f3 al registro de su respectiva informaci\u00f3n, para su an\u00e1lisis geoqu\u00edmico por roca total, el tama\u00f1o de cada muestra de roca colectada fue de hasta 2.5 kg.<\/p><p class=\"justificar\">Se recolectaron y registraron un total de 15 muestras de afloramientos de roca y alteraciones hidrotermales, para estudios de petro-mineragraf\u00eda y microscop\u00eda electr\u00f3nica, las muestras colectadas en campo de la zona en estudio, son representativas de cada unidad litol\u00f3gica, y enviadas al laboratorio de la Dra. Gladys Ochar\u00e1n, (2006).<\/p>\t\t\t\t\t\t\t\t<\/div>\n\t\t\t\t<\/div>\n\t\t\t\t\t<\/div>\n\t\t<\/div>\n\t\t\t\t<div class=\"elementor-column elementor-col-33 elementor-top-column elementor-element elementor-element-5f5bd580\" data-id=\"5f5bd580\" data-element_type=\"column\" data-e-type=\"column\">\n\t\t\t<div class=\"elementor-widget-wrap elementor-element-populated\">\n\t\t\t\t\t\t<div class=\"elementor-element elementor-element-12073ac0 elementor-widget elementor-widget-elementskit-heading\" data-id=\"12073ac0\" data-element_type=\"widget\" data-e-type=\"widget\" data-widget_type=\"elementskit-heading.default\">\n\t\t\t\t<div class=\"elementor-widget-container\">\n\t\t\t\t\t<div class=\"ekit-wid-con\" ><div class=\"ekit-heading elementskit-section-title-wraper text_left   ekit_heading_tablet-   ekit_heading_mobile-\"><a href=\"https:\/\/gcimininggroup.com\/index.php\/geologia\/\"><h2 class=\"ekit-heading--title elementskit-section-title  ekit-heading__title-has-border start\">Geolog\u00eda<\/h2><\/a><\/div><\/div>\t\t\t\t<\/div>\n\t\t\t\t<\/div>\n\t\t\t\t<div class=\"elementor-element elementor-element-3653e60e elementor-widget elementor-widget-elementskit-heading\" data-id=\"3653e60e\" data-element_type=\"widget\" data-e-type=\"widget\" data-widget_type=\"elementskit-heading.default\">\n\t\t\t\t<div class=\"elementor-widget-container\">\n\t\t\t\t\t<div class=\"ekit-wid-con\" ><div class=\"ekit-heading elementskit-section-title-wraper text_left   ekit_heading_tablet-   ekit_heading_mobile-\"><a href=\"https:\/\/gcimininggroup.com\/index.php\/geofisica\/\"><h2 class=\"ekit-heading--title elementskit-section-title  ekit-heading__title-has-border start\">Geof\u00edsica<\/h2><\/a><\/div><\/div>\t\t\t\t<\/div>\n\t\t\t\t<\/div>\n\t\t\t\t<div class=\"elementor-element elementor-element-29752488 elementor-widget elementor-widget-elementskit-heading\" data-id=\"29752488\" data-element_type=\"widget\" data-e-type=\"widget\" data-widget_type=\"elementskit-heading.default\">\n\t\t\t\t<div class=\"elementor-widget-container\">\n\t\t\t\t\t<div class=\"ekit-wid-con\" ><div class=\"ekit-heading elementskit-section-title-wraper text_left   ekit_heading_tablet-   ekit_heading_mobile-\"><a href=\"https:\/\/gcimininggroup.com\/index.php\/sondajes\/\"><h2 class=\"ekit-heading--title elementskit-section-title  ekit-heading__title-has-border start\">Sondajes<\/h2><\/a><\/div><\/div>\t\t\t\t<\/div>\n\t\t\t\t<\/div>\n\t\t\t\t<div class=\"elementor-element elementor-element-3bc44e7 elementor-widget elementor-widget-elementskit-heading\" data-id=\"3bc44e7\" data-element_type=\"widget\" data-e-type=\"widget\" data-widget_type=\"elementskit-heading.default\">\n\t\t\t\t<div class=\"elementor-widget-container\">\n\t\t\t\t\t<div class=\"ekit-wid-con\" ><div class=\"ekit-heading elementskit-section-title-wraper text_left   ekit_heading_tablet-   ekit_heading_mobile-\"><a href=\"https:\/\/gcimininggroup.com\/index.php\/planta\/\"><h2 class=\"ekit-heading--title elementskit-section-title  ekit-heading__title-has-border start\">Planta<\/h2><\/a><\/div><\/div>\t\t\t\t<\/div>\n\t\t\t\t<\/div>\n\t\t\t\t<section class=\"elementor-section elementor-inner-section elementor-element elementor-element-75da2cb0 elementor-section-boxed elementor-section-height-default elementor-section-height-default elementor-invisible\" data-id=\"75da2cb0\" data-element_type=\"section\" data-e-type=\"section\" data-settings=\"{&quot;animation&quot;:&quot;fadeInUp&quot;}\">\n\t\t\t\t\t\t<div class=\"elementor-container elementor-column-gap-default\">\n\t\t\t\t\t<div class=\"elementor-column elementor-col-100 elementor-inner-column elementor-element elementor-element-6478e7b1\" data-id=\"6478e7b1\" data-element_type=\"column\" data-e-type=\"column\" data-settings=\"{&quot;background_background&quot;:&quot;classic&quot;}\">\n\t\t\t<div class=\"elementor-widget-wrap elementor-element-populated\">\n\t\t\t\t\t<div class=\"elementor-background-overlay\"><\/div>\n\t\t\t\t\t\t<div class=\"elementor-element elementor-element-e095977 elementor-widget elementor-widget-image\" data-id=\"e095977\" data-element_type=\"widget\" data-e-type=\"widget\" data-widget_type=\"image.default\">\n\t\t\t\t<div class=\"elementor-widget-container\">\n\t\t\t\t\t\t\t\t\t\t\t\t\t\t\t\t<a href=\"https:\/\/www.kitco.com\/price\/fixes\/london-fix\" target=\"_blank\" rel=\"noopener\">\n\t\t\t\t\t\t\t<img decoding=\"async\" width=\"448\" height=\"101\" src=\"https:\/\/gcimininggroup.com\/wp-content\/uploads\/2023\/10\/corp_kitco-logo-new-top.png\" class=\"attachment-large size-large wp-image-1677\" alt=\"\" srcset=\"https:\/\/gcimininggroup.com\/wp-content\/uploads\/2023\/10\/corp_kitco-logo-new-top.png.webp 448w, https:\/\/gcimininggroup.com\/wp-content\/uploads\/2023\/10\/corp_kitco-logo-new-top-300x68.png.webp 300w\" sizes=\"(max-width: 448px) 100vw, 448px\" \/>\t\t\t\t\t\t\t\t<\/a>\n\t\t\t\t\t\t\t\t\t\t\t\t\t\t\t<\/div>\n\t\t\t\t<\/div>\n\t\t\t\t\t<\/div>\n\t\t<\/div>\n\t\t\t\t\t<\/div>\n\t\t<\/section>\n\t\t\t\t\t<\/div>\n\t\t<\/div>\n\t\t\t\t\t<\/div>\n\t\t<\/section>\n\t\t<div class=\"elementor-element elementor-element-bf41881 e-flex e-con-boxed e-con e-parent\" data-id=\"bf41881\" data-element_type=\"container\" data-e-type=\"container\">\n\t\t\t\t\t<div class=\"e-con-inner\">\n\t\t<div class=\"elementor-element elementor-element-76dfba5 e-con-full e-flex e-con e-child\" data-id=\"76dfba5\" data-element_type=\"container\" data-e-type=\"container\">\n\t\t\t\t<\/div>\n\t\t<div class=\"elementor-element elementor-element-cf13ea0 e-con-full e-flex e-con e-child\" data-id=\"cf13ea0\" data-element_type=\"container\" data-e-type=\"container\">\n\t\t\t\t<div class=\"elementor-element elementor-element-625b31b elementor-widget elementor-widget-heading\" data-id=\"625b31b\" data-element_type=\"widget\" data-e-type=\"widget\" data-widget_type=\"heading.default\">\n\t\t\t\t<div class=\"elementor-widget-container\">\n\t\t\t\t\t<h4 class=\"elementor-heading-title elementor-size-default\">Anomal\u00eda de Au\n<\/h4>\t\t\t\t<\/div>\n\t\t\t\t<\/div>\n\t\t\t\t<div class=\"elementor-element elementor-element-5d7b9b5 e-transform elementor-widget elementor-widget-image\" data-id=\"5d7b9b5\" data-element_type=\"widget\" data-e-type=\"widget\" data-settings=\"{&quot;_transform_scaleX_effect_hover&quot;:{&quot;unit&quot;:&quot;px&quot;,&quot;size&quot;:&quot;&quot;,&quot;sizes&quot;:[]},&quot;_transform_scaleX_effect_hover_tablet&quot;:{&quot;unit&quot;:&quot;px&quot;,&quot;size&quot;:&quot;&quot;,&quot;sizes&quot;:[]},&quot;_transform_scaleX_effect_hover_mobile&quot;:{&quot;unit&quot;:&quot;px&quot;,&quot;size&quot;:&quot;&quot;,&quot;sizes&quot;:[]},&quot;_transform_scaleY_effect_hover&quot;:{&quot;unit&quot;:&quot;px&quot;,&quot;size&quot;:&quot;&quot;,&quot;sizes&quot;:[]},&quot;_transform_scaleY_effect_hover_tablet&quot;:{&quot;unit&quot;:&quot;px&quot;,&quot;size&quot;:&quot;&quot;,&quot;sizes&quot;:[]},&quot;_transform_scaleY_effect_hover_mobile&quot;:{&quot;unit&quot;:&quot;px&quot;,&quot;size&quot;:&quot;&quot;,&quot;sizes&quot;:[]}}\" data-widget_type=\"image.default\">\n\t\t\t\t<div class=\"elementor-widget-container\">\n\t\t\t\t\t\t\t\t\t\t\t\t<figure class=\"wp-caption\">\n\t\t\t\t\t\t\t\t\t\t\t<a href=\"https:\/\/gcimininggroup.com\/wp-content\/uploads\/2023\/10\/anomalia-au.jpg\" data-elementor-open-lightbox=\"yes\" data-elementor-lightbox-title=\"anomalia au\" data-e-action-hash=\"#elementor-action%3Aaction%3Dlightbox%26settings%3DeyJpZCI6OTIxLCJ1cmwiOiJodHRwczpcL1wvZ2NpbWluaW5nZ3JvdXAuY29tXC93cC1jb250ZW50XC91cGxvYWRzXC8yMDIzXC8xMFwvYW5vbWFsaWEtYXUuanBnIn0%3D\">\n\t\t\t\t\t\t\t<img fetchpriority=\"high\" decoding=\"async\" width=\"783\" height=\"1024\" src=\"https:\/\/gcimininggroup.com\/wp-content\/uploads\/2023\/10\/anomalia-au-783x1024.jpg\" class=\"attachment-large size-large wp-image-921\" alt=\"\" srcset=\"https:\/\/gcimininggroup.com\/wp-content\/uploads\/2023\/10\/anomalia-au-783x1024.jpg 783w, https:\/\/gcimininggroup.com\/wp-content\/uploads\/2023\/10\/anomalia-au-229x300.jpg 229w, https:\/\/gcimininggroup.com\/wp-content\/uploads\/2023\/10\/anomalia-au-768x1005.jpg 768w, https:\/\/gcimininggroup.com\/wp-content\/uploads\/2023\/10\/anomalia-au-1174x1536.jpg 1174w, https:\/\/gcimininggroup.com\/wp-content\/uploads\/2023\/10\/anomalia-au-1566x2048.jpg 1566w, https:\/\/gcimininggroup.com\/wp-content\/uploads\/2023\/10\/anomalia-au.jpg 1957w\" sizes=\"(max-width: 783px) 100vw, 783px\" \/>\t\t\t\t\t\t\t\t<\/a>\n\t\t\t\t\t\t\t\t\t\t\t<figcaption class=\"widget-image-caption wp-caption-text\">hacer click para usar zoom<\/figcaption>\n\t\t\t\t\t\t\t\t\t\t<\/figure>\n\t\t\t\t\t\t\t\t\t<\/div>\n\t\t\t\t<\/div>\n\t\t\t\t<\/div>\n\t\t<div class=\"elementor-element elementor-element-b9d5a40 e-con-full e-flex e-con e-child\" data-id=\"b9d5a40\" data-element_type=\"container\" data-e-type=\"container\">\n\t\t\t\t<div class=\"elementor-element elementor-element-e8b4a43 elementor-widget elementor-widget-heading\" data-id=\"e8b4a43\" data-element_type=\"widget\" data-e-type=\"widget\" data-widget_type=\"heading.default\">\n\t\t\t\t<div class=\"elementor-widget-container\">\n\t\t\t\t\t<h4 class=\"elementor-heading-title elementor-size-default\">Anomal\u00eda de Cu<\/h4>\t\t\t\t<\/div>\n\t\t\t\t<\/div>\n\t\t\t\t<div class=\"elementor-element elementor-element-bd24273 elementor-widget elementor-widget-image\" data-id=\"bd24273\" data-element_type=\"widget\" data-e-type=\"widget\" data-widget_type=\"image.default\">\n\t\t\t\t<div class=\"elementor-widget-container\">\n\t\t\t\t\t\t\t\t\t\t\t\t<figure class=\"wp-caption\">\n\t\t\t\t\t\t\t\t\t\t\t<a href=\"https:\/\/gcimininggroup.com\/wp-content\/uploads\/2023\/10\/anomalia-cu.jpg\" data-elementor-open-lightbox=\"yes\" data-elementor-lightbox-title=\"anomalia cu\" data-e-action-hash=\"#elementor-action%3Aaction%3Dlightbox%26settings%3DeyJpZCI6OTMwLCJ1cmwiOiJodHRwczpcL1wvZ2NpbWluaW5nZ3JvdXAuY29tXC93cC1jb250ZW50XC91cGxvYWRzXC8yMDIzXC8xMFwvYW5vbWFsaWEtY3UuanBnIn0%3D\">\n\t\t\t\t\t\t\t<img decoding=\"async\" width=\"782\" height=\"1024\" src=\"https:\/\/gcimininggroup.com\/wp-content\/uploads\/2023\/10\/anomalia-cu-782x1024.jpg\" class=\"attachment-large size-large wp-image-930\" alt=\"\" srcset=\"https:\/\/gcimininggroup.com\/wp-content\/uploads\/2023\/10\/anomalia-cu-782x1024.jpg 782w, https:\/\/gcimininggroup.com\/wp-content\/uploads\/2023\/10\/anomalia-cu-229x300.jpg 229w, https:\/\/gcimininggroup.com\/wp-content\/uploads\/2023\/10\/anomalia-cu-768x1006.jpg 768w, https:\/\/gcimininggroup.com\/wp-content\/uploads\/2023\/10\/anomalia-cu-1172x1536.jpg 1172w, https:\/\/gcimininggroup.com\/wp-content\/uploads\/2023\/10\/anomalia-cu-1563x2048.jpg 1563w, https:\/\/gcimininggroup.com\/wp-content\/uploads\/2023\/10\/anomalia-cu.jpg 1954w\" sizes=\"(max-width: 782px) 100vw, 782px\" \/>\t\t\t\t\t\t\t\t<\/a>\n\t\t\t\t\t\t\t\t\t\t\t<figcaption class=\"widget-image-caption wp-caption-text\">hacer click para usar zoom<\/figcaption>\n\t\t\t\t\t\t\t\t\t\t<\/figure>\n\t\t\t\t\t\t\t\t\t<\/div>\n\t\t\t\t<\/div>\n\t\t\t\t<\/div>\n\t\t<div class=\"elementor-element elementor-element-94d505c e-con-full e-flex e-con e-child\" data-id=\"94d505c\" data-element_type=\"container\" data-e-type=\"container\">\n\t\t\t\t<\/div>\n\t\t\t\t\t<\/div>\n\t\t\t\t<\/div>\n\t\t<div class=\"elementor-element elementor-element-de3e18a e-flex e-con-boxed e-con e-parent\" data-id=\"de3e18a\" data-element_type=\"container\" data-e-type=\"container\">\n\t\t\t\t\t<div class=\"e-con-inner\">\n\t\t\t\t<div class=\"elementor-element elementor-element-47d0575 elementor-widget elementor-widget-spacer\" data-id=\"47d0575\" data-element_type=\"widget\" data-e-type=\"widget\" data-widget_type=\"spacer.default\">\n\t\t\t\t<div class=\"elementor-widget-container\">\n\t\t\t\t\t\t\t<div class=\"elementor-spacer\">\n\t\t\t<div class=\"elementor-spacer-inner\"><\/div>\n\t\t<\/div>\n\t\t\t\t\t\t<\/div>\n\t\t\t\t<\/div>\n\t\t\t\t\t<\/div>\n\t\t\t\t<\/div>\n\t\t<div class=\"elementor-element elementor-element-079ecb0 e-flex e-con-boxed e-con e-parent\" data-id=\"079ecb0\" data-element_type=\"container\" data-e-type=\"container\">\n\t\t\t\t\t<div class=\"e-con-inner\">\n\t\t<div class=\"elementor-element elementor-element-83ff8fe e-con-full e-flex e-con e-child\" data-id=\"83ff8fe\" data-element_type=\"container\" data-e-type=\"container\">\n\t\t\t\t<\/div>\n\t\t<div class=\"elementor-element elementor-element-a0ea064 e-con-full e-flex e-con e-child\" data-id=\"a0ea064\" data-element_type=\"container\" data-e-type=\"container\">\n\t\t\t\t<div class=\"elementor-element elementor-element-59f18af elementor-widget elementor-widget-heading\" data-id=\"59f18af\" data-element_type=\"widget\" data-e-type=\"widget\" data-widget_type=\"heading.default\">\n\t\t\t\t<div class=\"elementor-widget-container\">\n\t\t\t\t\t<h4 class=\"elementor-heading-title elementor-size-default\">Anomal\u00eda de Mn\n<\/h4>\t\t\t\t<\/div>\n\t\t\t\t<\/div>\n\t\t\t\t<div class=\"elementor-element elementor-element-8c7a1ae elementor-widget elementor-widget-image\" data-id=\"8c7a1ae\" data-element_type=\"widget\" data-e-type=\"widget\" data-widget_type=\"image.default\">\n\t\t\t\t<div class=\"elementor-widget-container\">\n\t\t\t\t\t\t\t\t\t\t\t\t<figure class=\"wp-caption\">\n\t\t\t\t\t\t\t\t\t\t\t<a href=\"https:\/\/gcimininggroup.com\/wp-content\/uploads\/2023\/10\/anomalia-Mn.jpg\" data-elementor-open-lightbox=\"yes\" data-elementor-lightbox-title=\"anomalia Mn\" data-e-action-hash=\"#elementor-action%3Aaction%3Dlightbox%26settings%3DeyJpZCI6OTQxLCJ1cmwiOiJodHRwczpcL1wvZ2NpbWluaW5nZ3JvdXAuY29tXC93cC1jb250ZW50XC91cGxvYWRzXC8yMDIzXC8xMFwvYW5vbWFsaWEtTW4uanBnIn0%3D\">\n\t\t\t\t\t\t\t<img loading=\"lazy\" decoding=\"async\" width=\"786\" height=\"1024\" src=\"https:\/\/gcimininggroup.com\/wp-content\/uploads\/2023\/10\/anomalia-Mn-786x1024.jpg\" class=\"attachment-large size-large wp-image-941\" alt=\"\" srcset=\"https:\/\/gcimininggroup.com\/wp-content\/uploads\/2023\/10\/anomalia-Mn-786x1024.jpg 786w, https:\/\/gcimininggroup.com\/wp-content\/uploads\/2023\/10\/anomalia-Mn-230x300.jpg 230w, https:\/\/gcimininggroup.com\/wp-content\/uploads\/2023\/10\/anomalia-Mn-768x1001.jpg 768w, https:\/\/gcimininggroup.com\/wp-content\/uploads\/2023\/10\/anomalia-Mn-1179x1536.jpg 1179w, https:\/\/gcimininggroup.com\/wp-content\/uploads\/2023\/10\/anomalia-Mn-1572x2048.jpg 1572w, https:\/\/gcimininggroup.com\/wp-content\/uploads\/2023\/10\/anomalia-Mn.jpg 1965w\" sizes=\"(max-width: 786px) 100vw, 786px\" \/>\t\t\t\t\t\t\t\t<\/a>\n\t\t\t\t\t\t\t\t\t\t\t<figcaption class=\"widget-image-caption wp-caption-text\">hacer click para usar zoom<\/figcaption>\n\t\t\t\t\t\t\t\t\t\t<\/figure>\n\t\t\t\t\t\t\t\t\t<\/div>\n\t\t\t\t<\/div>\n\t\t\t\t<\/div>\n\t\t<div class=\"elementor-element elementor-element-2097bfe e-con-full e-flex e-con e-child\" data-id=\"2097bfe\" data-element_type=\"container\" data-e-type=\"container\">\n\t\t\t\t<div class=\"elementor-element elementor-element-c698b4d elementor-widget elementor-widget-heading\" data-id=\"c698b4d\" data-element_type=\"widget\" data-e-type=\"widget\" data-widget_type=\"heading.default\">\n\t\t\t\t<div class=\"elementor-widget-container\">\n\t\t\t\t\t<h4 class=\"elementor-heading-title elementor-size-default\">Anomal\u00eda de Zn<\/h4>\t\t\t\t<\/div>\n\t\t\t\t<\/div>\n\t\t\t\t<div class=\"elementor-element elementor-element-eaaeee1 elementor-widget elementor-widget-image\" data-id=\"eaaeee1\" data-element_type=\"widget\" data-e-type=\"widget\" data-widget_type=\"image.default\">\n\t\t\t\t<div class=\"elementor-widget-container\">\n\t\t\t\t\t\t\t\t\t\t\t\t<figure class=\"wp-caption\">\n\t\t\t\t\t\t\t\t\t\t\t<a href=\"https:\/\/gcimininggroup.com\/wp-content\/uploads\/2023\/10\/anomalia-Zn.jpg\" data-elementor-open-lightbox=\"yes\" data-elementor-lightbox-title=\"anomalia Zn\" data-e-action-hash=\"#elementor-action%3Aaction%3Dlightbox%26settings%3DeyJpZCI6OTQyLCJ1cmwiOiJodHRwczpcL1wvZ2NpbWluaW5nZ3JvdXAuY29tXC93cC1jb250ZW50XC91cGxvYWRzXC8yMDIzXC8xMFwvYW5vbWFsaWEtWm4uanBnIn0%3D\">\n\t\t\t\t\t\t\t<img loading=\"lazy\" decoding=\"async\" width=\"783\" height=\"1024\" src=\"https:\/\/gcimininggroup.com\/wp-content\/uploads\/2023\/10\/anomalia-Zn-783x1024.jpg\" class=\"attachment-large size-large wp-image-942\" alt=\"\" srcset=\"https:\/\/gcimininggroup.com\/wp-content\/uploads\/2023\/10\/anomalia-Zn-783x1024.jpg 783w, https:\/\/gcimininggroup.com\/wp-content\/uploads\/2023\/10\/anomalia-Zn-229x300.jpg 229w, https:\/\/gcimininggroup.com\/wp-content\/uploads\/2023\/10\/anomalia-Zn-768x1004.jpg 768w, https:\/\/gcimininggroup.com\/wp-content\/uploads\/2023\/10\/anomalia-Zn-1175x1536.jpg 1175w, https:\/\/gcimininggroup.com\/wp-content\/uploads\/2023\/10\/anomalia-Zn-1566x2048.jpg 1566w, https:\/\/gcimininggroup.com\/wp-content\/uploads\/2023\/10\/anomalia-Zn.jpg 1958w\" sizes=\"(max-width: 783px) 100vw, 783px\" \/>\t\t\t\t\t\t\t\t<\/a>\n\t\t\t\t\t\t\t\t\t\t\t<figcaption class=\"widget-image-caption wp-caption-text\">hacer click para usar zoom<\/figcaption>\n\t\t\t\t\t\t\t\t\t\t<\/figure>\n\t\t\t\t\t\t\t\t\t<\/div>\n\t\t\t\t<\/div>\n\t\t\t\t<\/div>\n\t\t<div class=\"elementor-element elementor-element-e29efb9 e-con-full e-flex e-con e-child\" data-id=\"e29efb9\" data-element_type=\"container\" data-e-type=\"container\">\n\t\t\t\t<\/div>\n\t\t\t\t\t<\/div>\n\t\t\t\t<\/div>\n\t\t\t\t<\/div>\n\t\t","protected":false},"excerpt":{"rendered":"<p>Geoqu\u00edmica Recolecci\u00f3n y muestra\u00a0 Conozca mas Geoqu\u00edmica | Recolecci\u00f3n y muestra Se recolecto y registro 173 muestras de sedimentos de escorrent\u00eda, de 1er, 2do. y 3er orden, colectadas a lo largo de las quebradas, del \u00e1rea de estudio Se realiz\u00f3 la recolecci\u00f3n y registro de informaci\u00f3n de 271 muestras de roca, para su an\u00e1lisis geoqu\u00edmico. [&hellip;]<\/p>\n","protected":false},"author":1,"featured_media":0,"parent":0,"menu_order":0,"comment_status":"closed","ping_status":"closed","template":"elementor_header_footer","meta":{"footnotes":""},"class_list":["post-214","page","type-page","status-publish","hentry"],"_links":{"self":[{"href":"https:\/\/gcimininggroup.com\/index.php\/wp-json\/wp\/v2\/pages\/214","targetHints":{"allow":["GET"]}}],"collection":[{"href":"https:\/\/gcimininggroup.com\/index.php\/wp-json\/wp\/v2\/pages"}],"about":[{"href":"https:\/\/gcimininggroup.com\/index.php\/wp-json\/wp\/v2\/types\/page"}],"author":[{"embeddable":true,"href":"https:\/\/gcimininggroup.com\/index.php\/wp-json\/wp\/v2\/users\/1"}],"replies":[{"embeddable":true,"href":"https:\/\/gcimininggroup.com\/index.php\/wp-json\/wp\/v2\/comments?post=214"}],"version-history":[{"count":104,"href":"https:\/\/gcimininggroup.com\/index.php\/wp-json\/wp\/v2\/pages\/214\/revisions"}],"predecessor-version":[{"id":3309,"href":"https:\/\/gcimininggroup.com\/index.php\/wp-json\/wp\/v2\/pages\/214\/revisions\/3309"}],"wp:attachment":[{"href":"https:\/\/gcimininggroup.com\/index.php\/wp-json\/wp\/v2\/media?parent=214"}],"curies":[{"name":"wp","href":"https:\/\/api.w.org\/{rel}","templated":true}]}}